{"id":1276,"date":"2017-10-19T12:30:29","date_gmt":"2017-10-19T05:30:29","guid":{"rendered":"https:\/\/drproperty.dev.moewe.io\/?page_id=1276"},"modified":"2019-11-04T22:24:52","modified_gmt":"2019-11-04T15:24:52","slug":"ueber-uns","status":"publish","type":"page","link":"https:\/\/doctor-property.co.th\/de\/ueber-uns\/","title":{"rendered":"\u00dcber uns"},"content":{"rendered":"\n<div class=\"wp-block-columns is-layout-flex wp-container-core-columns-is-layout-9d6595d7 wp-block-columns-is-layout-flex\">\n<div class=\"wp-block-column is-layout-flow wp-block-column-is-layout-flow\" style=\"flex-basis:33.33%\">\n<figure class=\"wp-block-image size-large\"><img decoding=\"async\" width=\"1200\" height=\"704\" src=\"https:\/\/doctor-property.co.th\/wp-content\/uploads\/2018\/09\/AdobeStock_159218675-1200x704.jpg\" alt=\"Real Estate - Doctor Property\" class=\"wp-image-9255\" srcset=\"https:\/\/doctor-property.co.th\/wp-content\/uploads\/2018\/09\/AdobeStock_159218675-1200x704.jpg 1200w, https:\/\/doctor-property.co.th\/wp-content\/uploads\/2018\/09\/AdobeStock_159218675-768x451.jpg 768w, https:\/\/doctor-property.co.th\/wp-content\/uploads\/2018\/09\/AdobeStock_159218675-1536x902.jpg 1536w, https:\/\/doctor-property.co.th\/wp-content\/uploads\/2018\/09\/AdobeStock_159218675-2048x1202.jpg 2048w, https:\/\/doctor-property.co.th\/wp-content\/uploads\/2018\/09\/AdobeStock_159218675-1140x669.jpg 1140w, https:\/\/doctor-property.co.th\/wp-content\/uploads\/2018\/09\/AdobeStock_159218675-425x249.jpg 425w\" sizes=\"(max-width: 1200px) 100vw, 1200px\" \/><figcaption>Real Estate &#8211; Doctor Property<\/figcaption><\/figure><\/div>\n\n\n\n<div class=\"wp-block-column is-layout-flow wp-block-column-is-layout-flow\" style=\"flex-basis:66.66%\">\n<h2 class=\"wp-block-heading\">\u00dcber uns<\/h2>\n\n\n\n<p>Die Doctor Property Group CO Ltd. wurde 2017 gegr\u00fcndet und unser Firmensitz ist in Bang Rak, im Nordosten vom wundersch\u00f6nem Koh Samui. Wir sind unabh\u00e4ngig und versuchen stets die beste Immobilie f\u00fcr unseren Kunden zu finden. Unser kompetentes Team betreut Sie gern in der deutschen, englischen und thail\u00e4ndischen Sprache. Der pers\u00f6nliche Kontakt liegt uns sehr am Herzen. Wir helfen Ihnen gern, nicht nur bei der Suche nach der geeigneten Immobilie, sondern selbstverst\u00e4ndlich auch um wesentliche Angelegenheiten, wie zum Beispiel die Suche nach Anbietern von Versorgungsleistungen, Rechtsanw\u00e4lten, Gr\u00fcndung einer Firma f\u00fcr den Erwerb einer Immobilie, oder weitere offene Fragen. Einige Fragen k\u00f6nnen wir Ihnen vielleicht auch schon in unserer Rubrik \u201e<a href=\"https:\/\/doctor-property.co.th\/de\/service\/\">Service<\/a>\u201c beantworten.<\/p>\n\n\n\n<p>Sollten Sie Ihre Traumimmobilie nicht gefunden haben, oder haben Sie sonst Fragen bez\u00fcglich rund um das Thema Immobilie in Thailand? Z\u00f6gern Sie nicht, sprechen Sie uns bitte an! Wir versuchen Ihnen umgehend zu helfen.<\/p>\n\n\n\n\n<div class=\"wpcf7 no-js\" id=\"wpcf7-f532725-o1\" lang=\"de-DE\" dir=\"ltr\" data-wpcf7-id=\"532725\">\n<div class=\"screen-reader-response\"><p role=\"status\" aria-live=\"polite\" aria-atomic=\"true\"><\/p> <ul><\/ul><\/div>\n<form action=\"\/de\/wp-json\/wp\/v2\/pages\/1276#wpcf7-f532725-o1\" method=\"post\" class=\"wpcf7-form init\" aria-label=\"Kontaktformular\" novalidate=\"novalidate\" data-status=\"init\">\n<fieldset class=\"hidden-fields-container\"><input type=\"hidden\" name=\"_wpcf7\" value=\"532725\" \/><input type=\"hidden\" name=\"_wpcf7_version\" value=\"6.1.5\" \/><input type=\"hidden\" name=\"_wpcf7_locale\" value=\"de_DE\" \/><input type=\"hidden\" name=\"_wpcf7_unit_tag\" value=\"wpcf7-f532725-o1\" \/><input type=\"hidden\" name=\"_wpcf7_container_post\" value=\"0\" \/><input type=\"hidden\" name=\"_wpcf7_posted_data_hash\" value=\"\" \/>\n<\/fieldset>\n<div class=\"gridlex-row\">\n\t<div class=\"gridlex-col-6_xs-12 form-group\">\n\t\t<p><label><strong>Vorname<\/strong> <span aria-hidden=\"true\" role=\"presentation\" class=\"field_required\" style=\"color:#ee0000;\">*<\/span><br \/>\n<span class=\"wpcf7-form-control-wrap\" data-name=\"contact-firstname\"><input size=\"40\" maxlength=\"400\" class=\"wpcf7-form-control wpcf7-text wpcf7-validates-as-required\" aria-required=\"true\" aria-invalid=\"false\" value=\"\" type=\"text\" name=\"contact-firstname\" \/><\/span><br \/>\n<\/label><span id=\"wpcf7-69e4bc78a1df0-wrapper\" class=\"wpcf7-form-control-wrap contact-website-wrap\" style=\"display:none !important; visibility:hidden !important;\"><input type=\"hidden\" name=\"contact-website-time-start\" value=\"1776598136\"><input type=\"hidden\" name=\"contact-website-time-check\" value=\"4\"><label for=\"wpcf7-69e4bc78a1df0-field\" class=\"hp-message\">Bitte lasse dieses Feld leer.<\/label><input id=\"wpcf7-69e4bc78a1df0-field\"  class=\"wpcf7-form-control wpcf7-text\" type=\"text\" name=\"contact-website\" value=\"\" size=\"40\" tabindex=\"-1\" autocomplete=\"new-password\" \/><\/span>\n\t\t<\/p>\n\t<\/div>\n\t<div class=\"gridlex-col-6_xs-12 form-group\">\n\t\t<p><label><strong>Nachname<\/strong> <span aria-hidden=\"true\" role=\"presentation\" class=\"field_required\" style=\"color:#ee0000;\">*<\/span><br \/>\n<span class=\"wpcf7-form-control-wrap\" data-name=\"contact-lastname\"><input size=\"40\" maxlength=\"400\" class=\"wpcf7-form-control wpcf7-text wpcf7-validates-as-required\" aria-required=\"true\" aria-invalid=\"false\" value=\"\" type=\"text\" name=\"contact-lastname\" \/><\/span><br \/>\n<\/label>\n\t\t<\/p>\n\t<\/div>\n<\/div>\n<div class=\"gridlex-row\">\n\t<div class=\"gridlex-col-12_xs-12 form-group\">\n\t\t<p><label><strong>E-Mail<\/strong> <span aria-hidden=\"true\" role=\"presentation\" class=\"field_required\" style=\"color:#ee0000;\">*<\/span><br \/>\n<span class=\"wpcf7-form-control-wrap\" data-name=\"your-email\"><input size=\"40\" maxlength=\"400\" class=\"wpcf7-form-control wpcf7-email wpcf7-validates-as-required wpcf7-text wpcf7-validates-as-email\" aria-required=\"true\" aria-invalid=\"false\" value=\"\" type=\"email\" name=\"your-email\" \/><\/span><br \/>\n<\/label>\n\t\t<\/p>\n\t<\/div>\n<\/div>\n<div class=\"gridlex-row\">\n\t<div class=\"gridlex-col-3_xs-12 form-group\">\n\t\t<p><label><strong>Land<\/strong> <span aria-hidden=\"true\" role=\"presentation\" class=\"field_required\" style=\"color:#ee0000;\">*<\/span><br \/>\n<span class=\"wpcf7-form-control-wrap\" data-name=\"contact-phone-country\"><select class=\"wpcf7-form-control wpcf7-select wpcf7-validates-as-required contact-phone-countries\" aria-required=\"true\" aria-invalid=\"false\" name=\"contact-phone-country\"><option value=\"Bitte w\u00e4hlen\">Bitte w\u00e4hlen<\/option><option value=\"Thailand +66\">Thailand +66<\/option><option value=\"Deutschland +49\">Deutschland +49<\/option><option value=\"\u00d6sterreich +43\">\u00d6sterreich +43<\/option><option value=\"Schweiz +41\">Schweiz +41<\/option><option value=\"Luxemburg +352\">Luxemburg +352<\/option><option value=\"Andorra +376\">Andorra +376<\/option><option value=\"Argentinien +54\">Argentinien +54<\/option><option value=\"Australien +61\">Australien +61<\/option><option value=\"Brasilien +55\">Brasilien +55<\/option><option value=\"China +86\">China +86<\/option><option value=\"D\u00e4nemark +45\">D\u00e4nemark +45<\/option><option value=\"Finnland +358\">Finnland +358<\/option><option value=\"Frankreich +33\">Frankreich +33<\/option><option value=\"Hongkong +852\">Hongkong +852<\/option><option value=\"Indien +91\">Indien +91<\/option><option value=\"Indonesien +62\">Indonesien +62<\/option><option value=\"Irland +353\">Irland +353<\/option><option value=\"Island +354\">Island +354<\/option><option value=\"Italien +39\">Italien +39<\/option><option value=\"Japan +81\">Japan +81<\/option><option value=\"Malaysia +60\">Malaysia +60<\/option><option value=\"Marokko +212\">Marokko +212<\/option><option value=\"Mexiko +52\">Mexiko +52<\/option><option value=\"Monaco +377\">Monaco +377<\/option><option value=\"Neuseeland +64\">Neuseeland +64<\/option><option value=\"Niederlande +31\">Niederlande +31<\/option><option value=\"Norwegen +47\">Norwegen +47<\/option><option value=\"Philippinen +63\">Philippinen +63<\/option><option value=\"Portugal +351\">Portugal +351<\/option><option value=\"Russland +7\">Russland +7<\/option><option value=\"Schweden +46\">Schweden +46<\/option><option value=\"Singapur +65\">Singapur +65<\/option><option value=\"Spanien +34\">Spanien +34<\/option><option value=\"S\u00fcdafrika +27\">S\u00fcdafrika +27<\/option><option value=\"S\u00fcdkorea +82\">S\u00fcdkorea +82<\/option><option value=\"Tunesien +216\">Tunesien +216<\/option><option value=\"T\u00fcrkei +90\">T\u00fcrkei +90<\/option><option value=\"Vereinigte Arabische Emirate +971\">Vereinigte Arabische Emirate +971<\/option><option value=\"Vereinigte Staaten +1\">Vereinigte Staaten +1<\/option><option value=\"Vereinigtes K\u00f6nigreich +44\">Vereinigtes K\u00f6nigreich +44<\/option><option value=\"Vietnam +84\">Vietnam +84<\/option><option value=\"Andere\">Andere<\/option><\/select><\/span><br \/>\n<\/label>\n\t\t<\/p>\n\t<\/div>\n\t<div class=\"gridlex-col-5_xs-12 form-group\">\n\t\t<p><label><strong>Telefonnummer<\/strong> <span aria-hidden=\"true\" role=\"presentation\" class=\"field_required\" style=\"color:#ee0000;\">*<\/span><br \/>\n<span class=\"wpcf7-form-control-wrap\" data-name=\"contact-phone\"><input size=\"40\" maxlength=\"400\" class=\"wpcf7-form-control wpcf7-text wpcf7-validates-as-required\" aria-required=\"true\" aria-invalid=\"false\" value=\"\" type=\"text\" name=\"contact-phone\" \/><\/span><br \/>\n<\/label>\n\t\t<\/p>\n\t<\/div>\n\t<div class=\"gridlex-col-12_xs-12 drproperty-warning\" id=\"drproperty-empty-phone-number\">\n\t\t<p>\u26a0 Bitte geben Sie eine g\u00fcltige Telefonnummer ein, um Ihre Anfrage zu verifizieren.\n\t\t<\/p>\n\t<\/div>\n<\/div>\n<div class=\"gridlex-row\">\n\t<div class=\"gridlex-col-8_xs-12 form-group\">\n\t\t<p><label><strong>Ich interessiere mich f\u00fcr:<\/strong><\/label><br \/>\n<span class=\"wpcf7-form-control-wrap\" data-name=\"interest\"><span class=\"wpcf7-form-control wpcf7-checkbox wpcf7-validates-as-required\"><span class=\"wpcf7-list-item first\"><label><input type=\"checkbox\" name=\"interest[]\" value=\"Kauf\" \/><span class=\"wpcf7-list-item-label\">Kauf<\/span><\/label><\/span><span class=\"wpcf7-list-item\"><label><input type=\"checkbox\" name=\"interest[]\" value=\"Verkauf\" \/><span class=\"wpcf7-list-item-label\">Verkauf<\/span><\/label><\/span><span class=\"wpcf7-list-item\"><label><input type=\"checkbox\" name=\"interest[]\" value=\"Miete\" \/><span class=\"wpcf7-list-item-label\">Miete<\/span><\/label><\/span><span class=\"wpcf7-list-item last\"><label><input type=\"checkbox\" name=\"interest[]\" value=\"Sonstiges\" \/><span class=\"wpcf7-list-item-label\">Sonstiges<\/span><\/label><\/span><\/span><\/span>\n\t\t<\/p>\n\t<\/div>\n<\/div>\n<div class=\"gridlex-row\">\n\t<div class=\"gridlex-col-8_xs-12 form-group\">\n\t\t<p><label><strong>Bitte kontaktieren Sie mich per:<\/strong><\/label><br \/>\n<span class=\"wpcf7-form-control-wrap\" data-name=\"preferred-contact\"><span class=\"wpcf7-form-control wpcf7-checkbox wpcf7-validates-as-required\"><span class=\"wpcf7-list-item first\"><label><input type=\"checkbox\" name=\"preferred-contact[]\" value=\"E-Mail\" \/><span class=\"wpcf7-list-item-label\">E-Mail<\/span><\/label><\/span><span class=\"wpcf7-list-item\"><label><input type=\"checkbox\" name=\"preferred-contact[]\" value=\"Telefon\" \/><span class=\"wpcf7-list-item-label\">Telefon<\/span><\/label><\/span><span class=\"wpcf7-list-item\"><label><input type=\"checkbox\" name=\"preferred-contact[]\" value=\"WhatsApp\" \/><span class=\"wpcf7-list-item-label\">WhatsApp<\/span><\/label><\/span><span class=\"wpcf7-list-item last\"><label><input type=\"checkbox\" name=\"preferred-contact[]\" value=\"Sonstiges\" \/><span class=\"wpcf7-list-item-label\">Sonstiges<\/span><\/label><\/span><\/span><\/span>\n\t\t<\/p>\n\t<\/div>\n<\/div>\n<div class=\"gridlex-row\">\n\t<div class=\"gridlex-col-8_xs-12 form-group\">\n\t\t<p><label><strong>Message<\/strong><br \/>\n<span class=\"wpcf7-form-control-wrap\" data-name=\"your-message\"><textarea cols=\"40\" rows=\"10\" maxlength=\"2000\" class=\"wpcf7-form-control wpcf7-textarea form-control\" aria-invalid=\"false\" placeholder=\"Let us know how we can help! Providing as much detail as you can will help us respond quickly and accurately.\" name=\"your-message\"><\/textarea><\/span><br \/>\n<\/label>\n\t\t<\/p>\n\t<\/div>\n\t<div class=\"gridlex-col-4_xs-12 form-group drproperty-desktop-only\">\n\t\t<div>\n\t\t\t<p><img decoding=\"async\" src=\"https:\/\/doctor-property.co.th\/wp-content\/uploads\/2018\/08\/data_security.jpg\" alt=\"Ihre Daten sind bei uns sicher.\" style=\"max-width: 110px; margin-bottom: 20px; margin-top: 10px;\" \/>\n\t\t\t<\/p>\n\t\t<\/div>\n\t\t<div>\n\t\t\t<p><img decoding=\"async\" src=\"https:\/\/doctor-property.co.th\/wp-content\/uploads\/2018\/08\/customer_satisfaction.jpg\" alt=\"100% Kundenzufriedenheit garantiert\" style=\"max-width: 110px;\" \/>\n\t\t\t<\/p>\n\t\t<\/div>\n\t<\/div>\n<\/div>\n<p><span class=\"wpcf7-form-control-wrap kc_captcha\" data-name=\"kc_captcha\"><span class=\"wpcf7-form-control wpcf7-radio\"><span class=\"captcha-image\" ><span class=\"cf7ic_instructions\">Bitte beweise, dass du kein Spambot bist und w\u00e4hle das Symbol<span> Schl\u00fcssel<\/span>.<\/span><label><input aria-label=\"1\" type=\"radio\" name=\"kc_captcha\" value=\"bot\" \/><svg aria-hidden=\"true\" role=\"img\" xmlns=\"http:\/\/www.w3.org\/2000\/svg\" viewBox=\"0 0 576 512\"><path fill=\"currentColor\" d=\"M415 24c-53 0-103 42-127 65-24-23-74-65-127-65C70 24 16 77 16 166c0 72 67 133 69 135l187 181c9 8 23 8 32 0l187-180c2-3 69-64 69-136 0-89-54-142-145-142z\"\/><\/svg><\/label><label><input aria-label=\"2\" type=\"radio\" name=\"kc_captcha\" value=\"bot\" \/><svg aria-hidden=\"true\" role=\"img\" xmlns=\"http:\/\/www.w3.org\/2000\/svg\" viewBox=\"0 0 640 512\"><path fill=\"currentColor\" d=\"M192 384h192c53 0 96-43 96-96h32a128 128 0 000-256H120c-13 0-24 11-24 24v232c0 53 43 96 96 96zM512 96a64 64 0 010 128h-32V96h32zm48 384H48c-47 0-61-64-36-64h584c25 0 11 64-36 64z\"\/><\/svg><\/label><label><input aria-label=\"3\" type=\"radio\" name=\"kc_captcha\" value=\"kc_human\" \/><svg aria-hidden=\"true\" role=\"img\" xmlns=\"http:\/\/www.w3.org\/2000\/svg\" viewBox=\"0 0 512 512\"><path fill=\"currentColor\" d=\"M512 176a176 176 0 01-209 173l-24 27a24 24 0 01-18 8h-37v40c0 13-11 24-24 24h-40v40c0 13-11 24-24 24H24c-13 0-24-11-24-24v-78c0-6 3-13 7-17l162-162a176 176 0 11343-55zm-176-48a48 48 0 1096 0 48 48 0 00-96 0z\"\/><\/svg><\/label>\r\n    <\/span>\r\n    <span style=\"display:none\">\r\n        <input type=\"text\" name=\"kc_honeypot\">\r\n    <\/span><\/span><\/span>\n<\/p>\n<p>Ihre Kontaktdaten werden nicht an Dritte weitergegeben.\n<\/p>\n<p><input class=\"wpcf7-form-control wpcf7-submit has-spinner\" type=\"submit\" value=\"Nachricht senden\" \/>\n<\/p>\n<input class=\"wpcf7-form-control wpcf7-hidden\" value=\"\" type=\"hidden\" name=\"contact-favorites\" \/>\n<input class=\"wpcf7-form-control wpcf7-hidden\" value=\"\" type=\"hidden\" name=\"site-language\" \/>\n<input class=\"wpcf7-form-control wpcf7-hidden\" value=\"Kontaktanfrage\" type=\"hidden\" name=\"your-subject\" \/>\n<div class=\"visible-only-if-sent\">\n\t<p><strong>Vielen Dank f\u00fcr Ihre Anfrage!<\/strong>\n\t<\/p>\n\t<p>Wir sch\u00e4tzen Ihr Vertrauen und haben bereits mit der Bearbeitung Ihrer Anfrage begonnen.<br \/>\nUnser Team wird sich in K\u00fcrze mit Ihnen in Verbindung setzen\u2014bitte \u00fcberpr\u00fcfen Sie auch Ihren Posteingang und Ihren Spam-Ordner.\n\t<\/p>\n\t<p>Um sicherzustellen, dass wir Sie erreichen, k\u00f6nnen wir Sie auch \u00fcber <strong>WhatsApp, LINE oder SMS<\/strong> kontaktieren.\n\t<\/p>\n\t<p>Wenn Ihre Anfrage dringend ist, k\u00f6nnen Sie uns auch direkt unter folgender Nummer erreichen:<br \/>\n<a href=\"tel:+66612100497\" style=\"text-decoration: underline;\"><strong>+66 6 1210 0497<\/strong><\/a>.\n\t<\/p>\n\t<p><strong>Mit freundlichen Gr\u00fc\u00dfen,<\/strong>\n\t<\/p>\n\t<p>Das Doctor Property Team\n\t<\/p>\n<\/div><div class=\"wpcf7-response-output\" aria-hidden=\"true\"><\/div>\n<\/form>\n<\/div>\n\n<\/div>\n<\/div>\n","protected":false},"excerpt":{"rendered":"<p>Die Doctor Property Group CO Ltd. wurde 2017 gegr\u00fcndet und unser Firmensitz ist in Bang Rak, im Nordosten vom wundersch\u00f6nem ..<\/p>\n","protected":false},"author":1,"featured_media":0,"parent":0,"menu_order":0,"comment_status":"closed","ping_status":"closed","template":"","meta":{"_acf_changed":false,"footnotes":""},"mi-filters":[],"class_list":["post-1276","page","type-page","status-publish","hentry"],"acf":[],"_links":{"self":[{"href":"https:\/\/doctor-property.co.th\/de\/wp-json\/wp\/v2\/pages\/1276","targetHints":{"allow":["GET"]}}],"collection":[{"href":"https:\/\/doctor-property.co.th\/de\/wp-json\/wp\/v2\/pages"}],"about":[{"href":"https:\/\/doctor-property.co.th\/de\/wp-json\/wp\/v2\/types\/page"}],"author":[{"embeddable":true,"href":"https:\/\/doctor-property.co.th\/de\/wp-json\/wp\/v2\/users\/1"}],"replies":[{"embeddable":true,"href":"https:\/\/doctor-property.co.th\/de\/wp-json\/wp\/v2\/comments?post=1276"}],"version-history":[{"count":4,"href":"https:\/\/doctor-property.co.th\/de\/wp-json\/wp\/v2\/pages\/1276\/revisions"}],"predecessor-version":[{"id":179673,"href":"https:\/\/doctor-property.co.th\/de\/wp-json\/wp\/v2\/pages\/1276\/revisions\/179673"}],"wp:attachment":[{"href":"https:\/\/doctor-property.co.th\/de\/wp-json\/wp\/v2\/media?parent=1276"}],"wp:term":[{"taxonomy":"mi-filters","embeddable":true,"href":"https:\/\/doctor-property.co.th\/de\/wp-json\/wp\/v2\/mi-filters?post=1276"}],"curies":[{"name":"wp","href":"https:\/\/api.w.org\/{rel}","templated":true}]}}