{"id":1290,"date":"2015-10-16T15:15:17","date_gmt":"2015-10-16T08:15:17","guid":{"rendered":"https:\/\/drproperty.dev.moewe.io\/?page_id=1290"},"modified":"2023-02-20T17:09:08","modified_gmt":"2023-02-20T10:09:08","slug":"angebot-einstellen","status":"publish","type":"page","link":"https:\/\/doctor-property.co.th\/de\/angebot-einstellen\/","title":{"rendered":"Angebot einstellen"},"content":{"rendered":"\n<div class=\"wp-block-columns is-layout-flex wp-container-core-columns-is-layout-9d6595d7 wp-block-columns-is-layout-flex\">\n<div class=\"wp-block-column is-layout-flow wp-block-column-is-layout-flow\" style=\"flex-basis:10%\">\n<p class=\"has-text-align-right\"><span class=\"drproperty-uc\">&#x1F3E0;&#xFE0E;<\/span><\/p>\n<\/div>\n\n\n\n<div class=\"wp-block-column is-layout-flow wp-block-column-is-layout-flow\" style=\"flex-basis:66.66%\">\n<h1 class=\"wp-block-heading\">Angebot einstellen<\/h1>\n\n\n\n<p>Sie m\u00f6chten Ihr Haus, Ihr Land, oder Ihr Apartment verkaufen? Gern helfen wir Ihnen beim Verkauf Ihrer Immobilie. Wir ver\u00f6ffentlichen Ihr Angebot auf unserer Website und helfen Ihnen einen K\u00e4ufer zu finden. F\u00fcllen Sie bitte einfach unser Kontaktformular aus und Sie erhalten innerhalb der n\u00e4chsten 24 Stunden einen R\u00fcckruf, oder eine Antwort. Hierf\u00fcr w\u00e4re es sehr sch\u00f6n, wenn Sie uns schon einiges zu Ihrer Immobilie mitteilen k\u00f6nnten.<\/p>\n\n\n\n<p>Doctor Property freut sich auf Ihre Anfrage.<\/p>\n<\/div>\n<\/div>\n\n\n\n<div class=\"wp-block-columns is-layout-flex wp-container-core-columns-is-layout-9d6595d7 wp-block-columns-is-layout-flex\">\n<div class=\"wp-block-column is-layout-flow wp-block-column-is-layout-flow\" style=\"flex-basis:10%\"><\/div>\n\n\n\n<div class=\"wp-block-column is-layout-flow wp-block-column-is-layout-flow\">\n<h2 class=\"wp-block-heading\">Kontaktieren Sie uns<\/h2>\n\n\n\n<p>Oder nutzen Sie unser Kontaktformular f\u00fcr einfachere Anfragen.<\/p>\n\n\n\n\n<div class=\"wpcf7 no-js\" id=\"wpcf7-f539083-o1\" lang=\"de-DE\" dir=\"ltr\" data-wpcf7-id=\"539083\">\n<div class=\"screen-reader-response\"><p role=\"status\" aria-live=\"polite\" aria-atomic=\"true\"><\/p> <ul><\/ul><\/div>\n<form action=\"\/de\/wp-json\/wp\/v2\/pages\/1290#wpcf7-f539083-o1\" method=\"post\" class=\"wpcf7-form init\" aria-label=\"Kontaktformular\" novalidate=\"novalidate\" data-status=\"init\">\n<fieldset class=\"hidden-fields-container\"><input type=\"hidden\" name=\"_wpcf7\" value=\"539083\" \/><input type=\"hidden\" name=\"_wpcf7_version\" value=\"6.1.5\" \/><input type=\"hidden\" name=\"_wpcf7_locale\" value=\"de_DE\" \/><input type=\"hidden\" name=\"_wpcf7_unit_tag\" value=\"wpcf7-f539083-o1\" \/><input type=\"hidden\" name=\"_wpcf7_container_post\" value=\"0\" \/><input type=\"hidden\" name=\"_wpcf7_posted_data_hash\" value=\"\" \/>\n<\/fieldset>\n<div class=\"gridlex-row\">\n\t<div class=\"gridlex-col-6_xs-12 form-group\">\n\t\t<p><label><strong>Vorname<\/strong> <span aria-hidden=\"true\" role=\"presentation\" class=\"field_required\" style=\"color:#ee0000;\">*<\/span><br \/>\n<span class=\"wpcf7-form-control-wrap\" data-name=\"contact-firstname\"><input size=\"40\" maxlength=\"400\" class=\"wpcf7-form-control wpcf7-text wpcf7-validates-as-required\" aria-required=\"true\" aria-invalid=\"false\" value=\"\" type=\"text\" name=\"contact-firstname\" \/><\/span><br \/>\n<\/label><span id=\"wpcf7-69dddff1f3480-wrapper\" class=\"wpcf7-form-control-wrap contact-website-wrap\" style=\"display:none !important; visibility:hidden !important;\"><input type=\"hidden\" name=\"contact-website-time-start\" value=\"1776148465\"><input type=\"hidden\" name=\"contact-website-time-check\" value=\"4\"><label for=\"wpcf7-69dddff1f3480-field\" class=\"hp-message\">Bitte lasse dieses Feld leer.<\/label><input id=\"wpcf7-69dddff1f3480-field\"  class=\"wpcf7-form-control wpcf7-text\" type=\"text\" name=\"contact-website\" value=\"\" size=\"40\" tabindex=\"-1\" autocomplete=\"new-password\" \/><\/span>\n\t\t<\/p>\n\t<\/div>\n\t<div class=\"gridlex-col-6_xs-12 form-group\">\n\t\t<p><label><strong>Nachname<\/strong> <span aria-hidden=\"true\" role=\"presentation\" class=\"field_required\" style=\"color:#ee0000;\">*<\/span><br \/>\n<span class=\"wpcf7-form-control-wrap\" data-name=\"contact-lastname\"><input size=\"40\" maxlength=\"400\" class=\"wpcf7-form-control wpcf7-text wpcf7-validates-as-required\" aria-required=\"true\" aria-invalid=\"false\" value=\"\" type=\"text\" name=\"contact-lastname\" \/><\/span><br \/>\n<\/label>\n\t\t<\/p>\n\t<\/div>\n<\/div>\n<div class=\"gridlex-row\">\n\t<div class=\"gridlex-col-12_xs-12 form-group\">\n\t\t<p><label><strong>E-Mail<\/strong> <span aria-hidden=\"true\" role=\"presentation\" class=\"field_required\" style=\"color:#ee0000;\">*<\/span><br \/>\n<span class=\"wpcf7-form-control-wrap\" data-name=\"your-email\"><input size=\"40\" maxlength=\"400\" class=\"wpcf7-form-control wpcf7-email wpcf7-validates-as-required wpcf7-text wpcf7-validates-as-email\" aria-required=\"true\" aria-invalid=\"false\" value=\"\" type=\"email\" name=\"your-email\" \/><\/span><br \/>\n<\/label>\n\t\t<\/p>\n\t<\/div>\n<\/div>\n<div class=\"gridlex-row\">\n\t<div class=\"gridlex-col-3_xs-12 form-group\">\n\t\t<p><label><strong>Land<\/strong> <span aria-hidden=\"true\" role=\"presentation\" class=\"field_required\" style=\"color:#ee0000;\">*<\/span><br \/>\n<span class=\"wpcf7-form-control-wrap\" data-name=\"contact-phone-country\"><select class=\"wpcf7-form-control wpcf7-select wpcf7-validates-as-required contact-phone-countries\" aria-required=\"true\" aria-invalid=\"false\" name=\"contact-phone-country\"><option value=\"Bitte w\u00e4hlen\">Bitte w\u00e4hlen<\/option><option value=\"Australia +61\">Australia +61<\/option><option value=\"China +86\">China +86<\/option><option value=\"France +33\">France +33<\/option><option value=\"Germany +49\">Germany +49<\/option><option value=\"Hong Kong +852\">Hong Kong +852<\/option><option value=\"India +91\">India +91<\/option><option value=\"Russia +7\">Russia +7<\/option><option value=\"Thailand +66\">Thailand +66<\/option><option value=\"United Kingdom +44\">United Kingdom +44<\/option><option value=\"United States +1\">United States +1<\/option><option value=\"\u2013\u2013\u2013\u2013\u2013\u2013\u2013\u2013\u2013\u2013\u2013\u2013\u2013\">\u2013\u2013\u2013\u2013\u2013\u2013\u2013\u2013\u2013\u2013\u2013\u2013\u2013<\/option><option value=\"Afghanistan +93\">Afghanistan +93<\/option><option value=\"Albania +355\">Albania +355<\/option><option value=\"Algeria +213\">Algeria +213<\/option><option value=\"Andorra +376\">Andorra +376<\/option><option value=\"Angola +244\">Angola +244<\/option><option value=\"Argentina +54\">Argentina +54<\/option><option value=\"Armenia +374\">Armenia +374<\/option><option value=\"Australia +61\">Australia +61<\/option><option value=\"Austria +43\">Austria +43<\/option><option value=\"Azerbaijan +994\">Azerbaijan +994<\/option><option value=\"Bahamas +1242\">Bahamas +1242<\/option><option value=\"Bahrain +973\">Bahrain +973<\/option><option value=\"Bangladesh +880\">Bangladesh +880<\/option><option value=\"Barbados +1246\">Barbados +1246<\/option><option value=\"Belarus +375\">Belarus +375<\/option><option value=\"Belgium +32\">Belgium +32<\/option><option value=\"Belize +501\">Belize +501<\/option><option value=\"Benin +229\">Benin +229<\/option><option value=\"Bermuda +1441\">Bermuda +1441<\/option><option value=\"Bhutan +975\">Bhutan +975<\/option><option value=\"Bolivia +591\">Bolivia +591<\/option><option value=\"Bosnia and Herzegovina +387\">Bosnia and Herzegovina +387<\/option><option value=\"Botswana +267\">Botswana +267<\/option><option value=\"Brazil +55\">Brazil +55<\/option><option value=\"British Virgin Islands +1284\">British Virgin Islands +1284<\/option><option value=\"Brunei +673\">Brunei +673<\/option><option value=\"Bulgaria +359\">Bulgaria +359<\/option><option value=\"Burkina Faso +226\">Burkina Faso +226<\/option><option value=\"Burundi +257\">Burundi +257<\/option><option value=\"Cambodia +855\">Cambodia +855<\/option><option value=\"Cameroon +237\">Cameroon +237<\/option><option value=\"Canada +1\">Canada +1<\/option><option value=\"Caribbean Netherlands +599\">Caribbean Netherlands +599<\/option><option value=\"Cayman Islands +1345\">Cayman Islands +1345<\/option><option value=\"Central African Republic +236\">Central African Republic +236<\/option><option value=\"Chile +56\">Chile +56<\/option><option value=\"China +86\">China +86<\/option><option value=\"Colombia +57\">Colombia +57<\/option><option value=\"Cook Islands +682\">Cook Islands +682<\/option><option value=\"Costa Rica +506\">Costa Rica +506<\/option><option value=\"Croatia +385\">Croatia +385<\/option><option value=\"Cuba +53\">Cuba +53<\/option><option value=\"Cura\u00e7ao +599\">Cura\u00e7ao +599<\/option><option value=\"Cyprus +357\">Cyprus +357<\/option><option value=\"Czechia +420\">Czechia +420<\/option><option value=\"Denmark +45\">Denmark +45<\/option><option value=\"Djibouti +253\">Djibouti +253<\/option><option value=\"Dominica +1767\">Dominica +1767<\/option><option value=\"Dominican Republic +1809\">Dominican Republic +1809<\/option><option value=\"DR Congo +243\">DR Congo +243<\/option><option value=\"Ecuador +593\">Ecuador +593<\/option><option value=\"Egypt +20\">Egypt +20<\/option><option value=\"El Salvador +503\">El Salvador +503<\/option><option value=\"Equatorial Guinea +240\">Equatorial Guinea +240<\/option><option value=\"Eritrea +291\">Eritrea +291<\/option><option value=\"Estonia +372\">Estonia +372<\/option><option value=\"Ethiopia +251\">Ethiopia +251<\/option><option value=\"Falkland Islands +500\">Falkland Islands +500<\/option><option value=\"Faroe Islands +298\">Faroe Islands +298<\/option><option value=\"Fiji +679\">Fiji +679<\/option><option value=\"Finland +358\">Finland +358<\/option><option value=\"France +33\">France +33<\/option><option value=\"French Guiana +594\">French Guiana +594<\/option><option value=\"French Polynesia +689\">French Polynesia +689<\/option><option value=\"Gambia +220\">Gambia +220<\/option><option value=\"Georgia +995\">Georgia +995<\/option><option value=\"Germany +49\">Germany +49<\/option><option value=\"Ghana +233\">Ghana +233<\/option><option value=\"Gibraltar +350\">Gibraltar +350<\/option><option value=\"Greece +30\">Greece +30<\/option><option value=\"Greenland +299\">Greenland +299<\/option><option value=\"Grenada +1473\">Grenada +1473<\/option><option value=\"Guadeloupe +590\">Guadeloupe +590<\/option><option value=\"Guam +1671\">Guam +1671<\/option><option value=\"Guatemala +502\">Guatemala +502<\/option><option value=\"Guinea +224\">Guinea +224<\/option><option value=\"Guyana +592\">Guyana +592<\/option><option value=\"Haiti +509\">Haiti +509<\/option><option value=\"Honduras +504\">Honduras +504<\/option><option value=\"Hong Kong +852\">Hong Kong +852<\/option><option value=\"Hungary +36\">Hungary +36<\/option><option value=\"Iceland +354\">Iceland +354<\/option><option value=\"India +91\">India +91<\/option><option value=\"Indonesia +62\">Indonesia +62<\/option><option value=\"Iran +98\">Iran +98<\/option><option value=\"Iraq +964\">Iraq +964<\/option><option value=\"Ireland +353\">Ireland +353<\/option><option value=\"Isle of Man +44\">Isle of Man +44<\/option><option value=\"Israel +972\">Israel +972<\/option><option value=\"Italy +39\">Italy +39<\/option><option value=\"Jamaica +1876\">Jamaica +1876<\/option><option value=\"Japan +81\">Japan +81<\/option><option value=\"Jersey +44\">Jersey +44<\/option><option value=\"Jordan +962\">Jordan +962<\/option><option value=\"Kazakhstan +76XX\">Kazakhstan +76XX<\/option><option value=\"Kenya +254\">Kenya +254<\/option><option value=\"Kosovo +383\">Kosovo +383<\/option><option value=\"Kuwait +965\">Kuwait +965<\/option><option value=\"Kyrgyzstan +996\">Kyrgyzstan +996<\/option><option value=\"Laos +856\">Laos +856<\/option><option value=\"Latvia +371\">Latvia +371<\/option><option value=\"Lebanon +961\">Lebanon +961<\/option><option value=\"Lesotho +266\">Lesotho +266<\/option><option value=\"Liberia +231\">Liberia +231<\/option><option value=\"Libya +218\">Libya +218<\/option><option value=\"Liechtenstein +423\">Liechtenstein +423<\/option><option value=\"Lithuania +370\">Lithuania +370<\/option><option value=\"Luxembourg +352\">Luxembourg +352<\/option><option value=\"Macau +853\">Macau +853<\/option><option value=\"Madagascar +261\">Madagascar +261<\/option><option value=\"Malawi +265\">Malawi +265<\/option><option value=\"Malaysia +60\">Malaysia +60<\/option><option value=\"Maldives +960\">Maldives +960<\/option><option value=\"Mali +223\">Mali +223<\/option><option value=\"Malta +356\">Malta +356<\/option><option value=\"Marshall Islands +692\">Marshall Islands +692<\/option><option value=\"Martinique +596\">Martinique +596<\/option><option value=\"Mauritania +222\">Mauritania +222<\/option><option value=\"Mauritius +230\">Mauritius +230<\/option><option value=\"Mexico +52\">Mexico +52<\/option><option value=\"Micronesia +691\">Micronesia +691<\/option><option value=\"Moldova +373\">Moldova +373<\/option><option value=\"Monaco +377\">Monaco +377<\/option><option value=\"Mongolia +976\">Mongolia +976<\/option><option value=\"Montenegro +382\">Montenegro +382<\/option><option value=\"Montserrat +1664\">Montserrat +1664<\/option><option value=\"Morocco +212\">Morocco +212<\/option><option value=\"Mozambique +258\">Mozambique +258<\/option><option value=\"Myanmar +95\">Myanmar +95<\/option><option value=\"Namibia +264\">Namibia +264<\/option><option value=\"Nepal +977\">Nepal +977<\/option><option value=\"Netherlands +31\">Netherlands +31<\/option><option value=\"New Caledonia +687\">New Caledonia +687<\/option><option value=\"New Zealand +64\">New Zealand +64<\/option><option value=\"Nicaragua +505\">Nicaragua +505<\/option><option value=\"Niger +227\">Niger +227<\/option><option value=\"Nigeria +234\">Nigeria +234<\/option><option value=\"Norfolk Island +672\">Norfolk Island +672<\/option><option value=\"North Korea +850\">North Korea +850<\/option><option value=\"North Macedonia +389\">North Macedonia +389<\/option><option value=\"Norway +47\">Norway +47<\/option><option value=\"Oman +968\">Oman +968<\/option><option value=\"Pakistan +92\">Pakistan +92<\/option><option value=\"Palestine +970\">Palestine +970<\/option><option value=\"Panama +507\">Panama +507<\/option><option value=\"Papua New Guinea +675\">Papua New Guinea +675<\/option><option value=\"Paraguay +595\">Paraguay +595<\/option><option value=\"Peru +51\">Peru +51<\/option><option value=\"Philippines +63\">Philippines +63<\/option><option value=\"Poland +48\">Poland +48<\/option><option value=\"Portugal +351\">Portugal +351<\/option><option value=\"Puerto Rico +1787\">Puerto Rico +1787<\/option><option value=\"Qatar +974\">Qatar +974<\/option><option value=\"Republic of the Congo +242\">Republic of the Congo +242<\/option><option value=\"R\u00e9union +262\">R\u00e9union +262<\/option><option value=\"Romania +40\">Romania +40<\/option><option value=\"Russia +73XX\">Russia +73XX<\/option><option value=\"Rwanda +250\">Rwanda +250<\/option><option value=\"Saint Barth\u00e9lemy +590\">Saint Barth\u00e9lemy +590<\/option><option value=\"Saint Lucia +1758\">Saint Lucia +1758<\/option><option value=\"Saint Martin +590\">Saint Martin +590<\/option><option value=\"Samoa +685\">Samoa +685<\/option><option value=\"San Marino +378\">San Marino +378<\/option><option value=\"Saudi Arabia +966\">Saudi Arabia +966<\/option><option value=\"Senegal +221\">Senegal +221<\/option><option value=\"Serbia +381\">Serbia +381<\/option><option value=\"Seychelles +248\">Seychelles +248<\/option><option value=\"Sierra Leone +232\">Sierra Leone +232<\/option><option value=\"Singapore +65\">Singapore +65<\/option><option value=\"Sint Maarten +1721\">Sint Maarten +1721<\/option><option value=\"Slovakia +421\">Slovakia +421<\/option><option value=\"Slovenia +386\">Slovenia +386<\/option><option value=\"Somalia +252\">Somalia +252<\/option><option value=\"South Africa +27\">South Africa +27<\/option><option value=\"South Georgia +500\">South Georgia +500<\/option><option value=\"South Korea +82\">South Korea +82<\/option><option value=\"South Sudan +211\">South Sudan +211<\/option><option value=\"Spain +34\">Spain +34<\/option><option value=\"Sri Lanka +94\">Sri Lanka +94<\/option><option value=\"Sudan +249\">Sudan +249<\/option><option value=\"Sweden +46\">Sweden +46<\/option><option value=\"Switzerland +41\">Switzerland +41<\/option><option value=\"Syria +963\">Syria +963<\/option><option value=\"Taiwan +886\">Taiwan +886<\/option><option value=\"Tajikistan +992\">Tajikistan +992<\/option><option value=\"Tanzania +255\">Tanzania +255<\/option><option value=\"Thailand +66\">Thailand +66<\/option><option value=\"Togo +228\">Togo +228<\/option><option value=\"Tonga +676\">Tonga +676<\/option><option value=\"Trinidad and Tobago +1868\">Trinidad and Tobago +1868<\/option><option value=\"Tunisia +216\">Tunisia +216<\/option><option value=\"Turkey +90\">Turkey +90<\/option><option value=\"Turkmenistan +993\">Turkmenistan +993<\/option><option value=\"Uganda +256\">Uganda +256<\/option><option value=\"Ukraine +380\">Ukraine +380<\/option><option value=\"United Arab Emirates +971\">United Arab Emirates +971<\/option><option value=\"United Kingdom +44\">United Kingdom +44<\/option><option value=\"United States +1201\">United States +1201<\/option><option value=\"United States Virgin Islands +1340\">United States Virgin Islands +1340<\/option><option value=\"Uruguay +598\">Uruguay +598<\/option><option value=\"Uzbekistan +998\">Uzbekistan +998<\/option><option value=\"Vatican City +3906698\">Vatican City +3906698<\/option><option value=\"Venezuela +58\">Venezuela +58<\/option><option value=\"Vietnam +84\">Vietnam +84<\/option><option value=\"Wallis and Futuna +681\">Wallis and Futuna +681<\/option><option value=\"Yemen +967\">Yemen +967<\/option><option value=\"Zambia +260\">Zambia +260<\/option><option value=\"Zimbabwe +263\">Zimbabwe +263<\/option><option value=\"Nicht in der Liste, bitte mit Telefonnummer hinzuf\u00fcgen\">Nicht in der Liste, bitte mit Telefonnummer hinzuf\u00fcgen<\/option><\/select><\/span><br \/>\n<\/label>\n\t\t<\/p>\n\t<\/div>\n\t<div class=\"gridlex-col-5_xs-12 form-group\">\n\t\t<p><label><strong>Telefonnummer<\/strong> <span aria-hidden=\"true\" role=\"presentation\" class=\"field_required\" style=\"color:#ee0000;\">*<\/span><br \/>\n<span class=\"wpcf7-form-control-wrap\" data-name=\"contact-phone\"><input size=\"40\" maxlength=\"400\" class=\"wpcf7-form-control wpcf7-text wpcf7-validates-as-required\" aria-required=\"true\" aria-invalid=\"false\" value=\"\" type=\"text\" name=\"contact-phone\" \/><\/span><br \/>\n<\/label>\n\t\t<\/p>\n\t<\/div>\n\t<div class=\"gridlex-col-12_xs-12 drproperty-warning\" id=\"drproperty-empty-phone-number\">\n\t\t<p>\u26a0 Damit wir Sie schneller erreichen k\u00f6nnen, sollten Sie eine Telefonnummer angeben.\n\t\t<\/p>\n\t<\/div>\n<\/div>\n<div class=\"gridlex-row\">\n\t<div class=\"gridlex-col-8_xs-12 form-group\">\n\t\t<p><label><strong>Ich m\u00f6chte meine(n) verkaufen:<\/strong><\/label><br \/>\n<span class=\"wpcf7-form-control-wrap\" data-name=\"interest\"><span class=\"wpcf7-form-control wpcf7-checkbox wpcf7-validates-as-required\"><span class=\"wpcf7-list-item first\"><label><input type=\"checkbox\" name=\"interest[]\" value=\"Villa\" \/><span class=\"wpcf7-list-item-label\">Villa<\/span><\/label><\/span><span class=\"wpcf7-list-item\"><label><input type=\"checkbox\" name=\"interest[]\" value=\"Wohnung\" \/><span class=\"wpcf7-list-item-label\">Wohnung<\/span><\/label><\/span><span class=\"wpcf7-list-item\"><label><input type=\"checkbox\" name=\"interest[]\" value=\"Grundst\u00fcck\" \/><span class=\"wpcf7-list-item-label\">Grundst\u00fcck<\/span><\/label><\/span><span class=\"wpcf7-list-item\"><label><input type=\"checkbox\" name=\"interest[]\" value=\"Resort\" \/><span class=\"wpcf7-list-item-label\">Resort<\/span><\/label><\/span><span class=\"wpcf7-list-item last\"><label><input type=\"checkbox\" name=\"interest[]\" value=\"Sonstiges (bitte unten angeben)\" \/><span class=\"wpcf7-list-item-label\">Sonstiges (bitte unten angeben)<\/span><\/label><\/span><\/span><\/span>\n\t\t<\/p>\n\t<\/div>\n<\/div>\n<div class=\"gridlex-row\">\n\t<div class=\"gridlex-col-8_xs-12 form-group\">\n\t\t<p><label><strong>Bitte kontaktieren Sie mich \u00fcber:<\/strong><strong><\/strong><\/label><br \/>\n<span class=\"wpcf7-form-control-wrap\" data-name=\"preferred-contact\"><span class=\"wpcf7-form-control wpcf7-checkbox wpcf7-validates-as-required\"><span class=\"wpcf7-list-item first\"><label><input type=\"checkbox\" name=\"preferred-contact[]\" value=\"WhatsApp\" \/><span class=\"wpcf7-list-item-label\">WhatsApp<\/span><\/label><\/span><span class=\"wpcf7-list-item\"><label><input type=\"checkbox\" name=\"preferred-contact[]\" value=\"E-Mail\" \/><span class=\"wpcf7-list-item-label\">E-Mail<\/span><\/label><\/span><span class=\"wpcf7-list-item\"><label><input type=\"checkbox\" name=\"preferred-contact[]\" value=\"Telefonanruf\" \/><span class=\"wpcf7-list-item-label\">Telefonanruf<\/span><\/label><\/span><span class=\"wpcf7-list-item last\"><label><input type=\"checkbox\" name=\"preferred-contact[]\" value=\"Sonstiges (bitte unten angeben)\" \/><span class=\"wpcf7-list-item-label\">Sonstiges (bitte unten angeben)<\/span><\/label><\/span><\/span><\/span>\n\t\t<\/p>\n\t<\/div>\n<\/div>\n<div class=\"gridlex-row\">\n\t<div class=\"gridlex-col-8_xs-12 form-group\">\n\t\t<p><label><strong>Nachricht<\/strong><br \/>\n<span class=\"wpcf7-form-control-wrap\" data-name=\"your-message\"><textarea cols=\"40\" rows=\"10\" maxlength=\"2000\" class=\"wpcf7-form-control wpcf7-textarea form-control\" aria-invalid=\"false\" placeholder=\"Lassen Sie uns wissen, wie wir Ihnen helfen k\u00f6nnen! Je mehr Details Sie angeben, desto schneller und genauer k\u00f6nnen wir antworten.\" name=\"your-message\"><\/textarea><\/span><br \/>\n<\/label>\n\t\t<\/p>\n\t<\/div>\n\t<div class=\"gridlex-col-4_xs-12 form-group drproperty-desktop-only\">\n\t\t<p><img decoding=\"async\" src=\"https:\/\/doctor-property.co.th\/wp-content\/uploads\/2018\/08\/data_security.jpg\" alt=\"Your data is safe with us.\" style=\"max-width: 42%;\" \/><img decoding=\"async\" src=\"https:\/\/doctor-property.co.th\/wp-content\/uploads\/2018\/08\/customer_satisfaction.jpg\" alt=\"100% Customer Satisfaction Guaranteed\" style=\"max-width: 48%; float: right;\" \/>\n\t\t<\/p>\n\t<\/div>\n<\/div>\n<p><input class=\"wpcf7-form-control wpcf7-submit has-spinner\" type=\"submit\" value=\"Anfrage senden\" \/>\n<\/p>\n<input class=\"wpcf7-form-control wpcf7-hidden\" value=\"\" type=\"hidden\" name=\"contact-favorites\" \/>\n<input class=\"wpcf7-form-control wpcf7-hidden\" value=\"\" type=\"hidden\" name=\"site-language\" \/>\n<input class=\"wpcf7-form-control wpcf7-hidden\" value=\"Submit property (DE)\" type=\"hidden\" name=\"your-subject\" \/>\n<div class=\"visible-only-if-sent\">\n\t<p><strong>Vielen Dank f\u00fcr Ihre Anfrage!<\/strong>\n\t<\/p>\n\t<p>Wir sch\u00e4tzen Ihr Vertrauen und haben bereits mit der Bearbeitung Ihrer Anfrage begonnen.<br \/>\nUnser Team wird sich in K\u00fcrze mit Ihnen in Verbindung setzen\u2014bitte \u00fcberpr\u00fcfen Sie auch Ihren Posteingang und Ihren Spam-Ordner.\n\t<\/p>\n\t<p>Um sicherzustellen, dass wir Sie erreichen, k\u00f6nnen wir Sie auch \u00fcber <strong>WhatsApp, LINE oder SMS<\/strong> kontaktieren.\n\t<\/p>\n\t<p>Wenn Ihre Anfrage dringend ist, k\u00f6nnen Sie uns auch direkt unter folgender Nummer erreichen:<br \/>\n<a href=\"tel:+66612100497\" style=\"text-decoration: underline;\"><strong>+66 6 1210 0497<\/strong><\/a>.\n\t<\/p>\n\t<p><strong>Mit freundlichen Gr\u00fc\u00dfen,<\/strong>\n\t<\/p>\n\t<p>Das Doctor Property Team\n\t<\/p>\n<\/div><div class=\"wpcf7-response-output\" aria-hidden=\"true\"><\/div>\n<\/form>\n<\/div>\n\n\n\n\n<p>Doctor Property Group Co Ltd.<br>86\/11 Moo 5<br>The Green Plaza Hotel Bophut<br>Koh Samui<br>Surat Thani<br>84320<br><br>Phone.:\u00a0+66 6 1210 0497<br>Email: info@doctor-property.co.th<\/p>\n<\/div>\n\n\n\n<div class=\"wp-block-column is-layout-flow wp-block-column-is-layout-flow\">\n<h2 class=\"wp-block-heading\">Mehr als eine Immobilie?<\/h2>\n\n\n\n<p>Sie sind ein professioneller Makler oder haben mehrere Immobilien zu verkaufen? Dann k\u00f6nnen Sie ein Konto erstellen und unsere Plattform direkt nutzen.<\/p>\n\n\n\n<div class=\"wp-block-buttons is-layout-flex wp-block-buttons-is-layout-flex\">\n<div class=\"wp-block-button has-custom-font-size is-style-outline is-style-outline--1\" style=\"font-size:18px\"><a class=\"wp-block-button__link has-vivid-red-color has-text-color wp-element-button\" href=\"https:\/\/doctor-property.co.th\/internal\/\" style=\"border-radius:0px\">Mehr erfahren<\/a><\/div>\n<\/div>\n<\/div>\n<\/div>\n","protected":false},"excerpt":{"rendered":"<p>Sie m\u00f6chten Ihr Haus, Ihr Land, oder Ihr Apartment verkaufen? Gern helfen wir Ihnen beim Verkauf Ihrer Immobilie. Wir ver\u00f6ffentlichen ..<\/p>\n","protected":false},"author":1,"featured_media":0,"parent":0,"menu_order":0,"comment_status":"closed","ping_status":"closed","template":"","meta":{"_acf_changed":false,"footnotes":""},"mi-filters":[],"class_list":["post-1290","page","type-page","status-publish","hentry"],"acf":[],"_links":{"self":[{"href":"https:\/\/doctor-property.co.th\/de\/wp-json\/wp\/v2\/pages\/1290","targetHints":{"allow":["GET"]}}],"collection":[{"href":"https:\/\/doctor-property.co.th\/de\/wp-json\/wp\/v2\/pages"}],"about":[{"href":"https:\/\/doctor-property.co.th\/de\/wp-json\/wp\/v2\/types\/page"}],"author":[{"embeddable":true,"href":"https:\/\/doctor-property.co.th\/de\/wp-json\/wp\/v2\/users\/1"}],"replies":[{"embeddable":true,"href":"https:\/\/doctor-property.co.th\/de\/wp-json\/wp\/v2\/comments?post=1290"}],"version-history":[{"count":12,"href":"https:\/\/doctor-property.co.th\/de\/wp-json\/wp\/v2\/pages\/1290\/revisions"}],"predecessor-version":[{"id":585103,"href":"https:\/\/doctor-property.co.th\/de\/wp-json\/wp\/v2\/pages\/1290\/revisions\/585103"}],"wp:attachment":[{"href":"https:\/\/doctor-property.co.th\/de\/wp-json\/wp\/v2\/media?parent=1290"}],"wp:term":[{"taxonomy":"mi-filters","embeddable":true,"href":"https:\/\/doctor-property.co.th\/de\/wp-json\/wp\/v2\/mi-filters?post=1290"}],"curies":[{"name":"wp","href":"https:\/\/api.w.org\/{rel}","templated":true}]}}