{"id":3789,"date":"2018-05-16T16:30:19","date_gmt":"2018-05-16T09:30:19","guid":{"rendered":"https:\/\/doctor-property.co.th\/?page_id=3789"},"modified":"2019-11-05T01:26:51","modified_gmt":"2019-11-04T18:26:51","slug":"apartments_in_koh_samui_zu_verkaufen","status":"publish","type":"page","link":"https:\/\/doctor-property.co.th\/de\/apartments_in_koh_samui_zu_verkaufen\/","title":{"rendered":"Apartments in Koh Samui &#8211; Thailand"},"content":{"rendered":"\n<h1 class=\"wp-block-heading\">Apartments in Koh Samui &#8211; Thailand<\/h1>\n\n\n\n<p>Unterk\u00fcnfte in den beliebten Urlaubsregionen sind teilweise schwer zu finden. Ob es jetzt eine Wohnung, ein Apartment, oder vielleicht sogar ein Luxus Apartment zur Miete sein soll, ist die Entscheidung des Kunden. Viele Webseiten werden Ihnen solche Angebote unterbreiten. Wir von <a href=\"http:\/\/www.doctor-property.co.th\">Doctor Property<\/a> sind Spezialisten f\u00fcr den Verkauf von Wohnungen, Apartments und Luxus Apartments auf Koh Samui. Bei uns finden Sie immer neue aktuelle Angebote von der ganzen Insel. Koh Samui ist seit vielen Jahren einer der besten Anlaufziele internationaler Touristen. Unterk\u00fcnfte in solchen Regionen sind nicht nur f\u00fcr Touristen, sondern auch f\u00fcr Investoren interessant. M\u00f6chten auch Sie vielleicht in der Zukunft in ein neues Apartment in Koh Samui investieren? Dann m\u00f6chten wir Ihnen gern hilfreich zur Seite stehen.<\/p>\n\n\n\n<p>Auf Koh Samui wurden bisher mehr einzelne H\u00e4user beziehungsweise Villen gebaut. Apartments, oder Wohnungen gibt es mehr f\u00fcr die Kurzzeitmiete f\u00fcr Touristen. Suchen Sie aber nach Apartments zum Kauf, oder zum Neubau, dann m\u00fcssen Sie schon l\u00e4ngere Zeit in Anspruch nehmen um ein gutes Angebot zu finden. Unser Team von <a href=\"https:\/\/doctor-property.co.th\">Doctor Property<\/a> arbeitet t\u00e4glich daran neue Angebote von Apartments und Wohnungen auf Koh Samui zu finden und Ihnen zur Verf\u00fcgung zu stellen. Wir m\u00f6chten Ihnen das beste Angebot der Insel Koh Samui pr\u00e4sentieren und mit Ihnen gemeinsam auch besichtigen.<\/p>\n\n\n\n<p>Thailand ist ein beliebtes Land f\u00fcr Auswanderer und privaten Investoren. In diesem Land und auf seinen vielen Inseln, wie zum Beispiel Koh Samui finden sie sehr gute Faktoren vor. Die Preise f\u00fcr neue Apartments, Wohnungen, oder H\u00e4user sind im Verh\u00e4ltnis zu Deutschland, Gro\u00dfbritannien, Spanien, oder den USA noch erschwinglich. <a href=\"http:\/\/www.doctor-property.co.th\">Doctor Property<\/a> wird Ihnen die besten Angebote versuchen zu pr\u00e4sentieren. Unser Team bereut Sie immer gern in der deutschen, englischen, oder in der thail\u00e4ndischen Sprache. Sollten Sie kein passendes Angebot f\u00fcr eine Wohnung, oder Apartment finden, dann schreiben Sie uns Ihre W\u00fcnsche und wir werden f\u00fcr Sie versuchen Ihre Immobilie zu finden. Wir freuen uns auf Ihren Kontakt.<\/p>\n\n\n\n<p>-&gt; <a href=\"https:\/\/doctor-property.co.th\/de\/angebote\/?location=koh-samui-de&amp;property-type=haus\">Villa Koh Samui<\/a>&nbsp;-&gt;&nbsp;<a href=\"https:\/\/doctor-property.co.th\/de\/angebote\/?location=koh-samui-de&amp;property-type=haus\">Haus Koh Samui<\/a>&nbsp;-&gt;&nbsp;<a href=\"https:\/\/doctor-property.co.th\/de\/angebote\/?location=koh-samui-de&amp;property-type=grundstuck\">Grundst\u00fcck Koh Samui<\/a>&nbsp;-&gt;&nbsp;<a href=\"https:\/\/doctor-property.co.th\/de\/angebote\/?location=koh-samui-de&amp;property-type=haus\">Immobilie Koh Samui<\/a>&nbsp;-&gt;&nbsp;<a href=\"https:\/\/doctor-property.co.th\/de\/angebote\/?location=all&amp;property-type=haus&amp;feature[]=seeblick\">Haus mit Meerblick<\/a>&nbsp;-&gt;&nbsp;<a href=\"https:\/\/doctor-property.co.th\/de\/angebote\/?location=all&amp;property-type=haus&amp;feature[]=seeblick\">Villa mit Meerblick<\/a>-&gt;&nbsp;<a href=\"https:\/\/doctor-property.co.th\/de\/angebote\/?location=all&amp;property-type=grundstuck&amp;feature[]=seeblick\">Grundst\u00fcck mit Meerblick<\/a>&nbsp;-&gt;&nbsp;<a href=\"https:\/\/doctor-property.co.th\/de\/angebote\/?location=koh-samui-de&amp;property-type=wohnung\">Apartments Koh Samui<\/a><\/p>\n\n\n\n[property_listing show_sorting_toggle_view=&#8220;&#8220; per_page=&#8220;9&#8243; columns=&#8220;3&#8243; type=&#8220;house&#8220;]\n","protected":false},"excerpt":{"rendered":"<p>Unterk\u00fcnfte in den beliebten Urlaubsregionen sind teilweise schwer zu finden. Ob es jetzt eine Wohnung, ein Apartment, oder vielleicht sogar ..<\/p>\n","protected":false},"author":1,"featured_media":0,"parent":0,"menu_order":0,"comment_status":"closed","ping_status":"closed","template":"","meta":{"_acf_changed":false,"footnotes":""},"mi-filters":[],"class_list":["post-3789","page","type-page","status-publish","hentry"],"acf":[],"_links":{"self":[{"href":"https:\/\/doctor-property.co.th\/de\/wp-json\/wp\/v2\/pages\/3789","targetHints":{"allow":["GET"]}}],"collection":[{"href":"https:\/\/doctor-property.co.th\/de\/wp-json\/wp\/v2\/pages"}],"about":[{"href":"https:\/\/doctor-property.co.th\/de\/wp-json\/wp\/v2\/types\/page"}],"author":[{"embeddable":true,"href":"https:\/\/doctor-property.co.th\/de\/wp-json\/wp\/v2\/users\/1"}],"replies":[{"embeddable":true,"href":"https:\/\/doctor-property.co.th\/de\/wp-json\/wp\/v2\/comments?post=3789"}],"version-history":[{"count":1,"href":"https:\/\/doctor-property.co.th\/de\/wp-json\/wp\/v2\/pages\/3789\/revisions"}],"predecessor-version":[{"id":179757,"href":"https:\/\/doctor-property.co.th\/de\/wp-json\/wp\/v2\/pages\/3789\/revisions\/179757"}],"wp:attachment":[{"href":"https:\/\/doctor-property.co.th\/de\/wp-json\/wp\/v2\/media?parent=3789"}],"wp:term":[{"taxonomy":"mi-filters","embeddable":true,"href":"https:\/\/doctor-property.co.th\/de\/wp-json\/wp\/v2\/mi-filters?post=3789"}],"curies":[{"name":"wp","href":"https:\/\/api.w.org\/{rel}","templated":true}]}}